{"id":1080,"date":"2024-04-23T11:56:26","date_gmt":"2024-04-23T11:56:26","guid":{"rendered":"https:\/\/obranuevamartorell.com\/landing2\/?page_id=1080"},"modified":"2025-04-02T12:26:34","modified_gmt":"2025-04-02T12:26:34","slug":"aviso-legal","status":"publish","type":"page","link":"https:\/\/obranuevamartorell.com\/landing2\/aviso-legal\/","title":{"rendered":"Aviso Legal"},"content":{"rendered":"\t\t<div data-elementor-type=\"wp-page\" data-elementor-id=\"1080\" class=\"elementor elementor-1080\" data-elementor-post-type=\"page\">\n\t\t\t\t\t\t<section class=\"elementor-section elementor-top-section elementor-element elementor-element-2620351 elementor-section-boxed elementor-section-height-default elementor-section-height-default\" data-id=\"2620351\" data-element_type=\"section\">\n\t\t\t\t\t\t<div class=\"elementor-container elementor-column-gap-no\">\n\t\t\t\t\t<div class=\"elementor-column elementor-col-100 elementor-top-column elementor-element elementor-element-306b119\" data-id=\"306b119\" data-element_type=\"column\">\n\t\t\t<div class=\"elementor-widget-wrap elementor-element-populated\">\n\t\t\t\t\t\t<div class=\"elementor-element elementor-element-39c1505 elementor-widget elementor-widget-heading\" data-id=\"39c1505\" data-element_type=\"widget\" data-widget_type=\"heading.default\">\n\t\t\t\t<div class=\"elementor-widget-container\">\n\t\t\t\t\t<h2 class=\"elementor-heading-title elementor-size-default\">Aviso Legal<\/h2>\t\t\t\t<\/div>\n\t\t\t\t<\/div>\n\t\t\t\t<div class=\"elementor-element elementor-element-9c9b000 elementor-widget elementor-widget-heading\" data-id=\"9c9b000\" data-element_type=\"widget\" data-widget_type=\"heading.default\">\n\t\t\t\t<div class=\"elementor-widget-container\">\n\t\t\t\t\t<h2 class=\"elementor-heading-title elementor-size-default\">OBJETO<\/h2>\t\t\t\t<\/div>\n\t\t\t\t<\/div>\n\t\t\t\t<div class=\"elementor-element elementor-element-ac65774 elementor-widget elementor-widget-text-editor\" data-id=\"ac65774\" data-element_type=\"widget\" data-widget_type=\"text-editor.default\">\n\t\t\t\t<div class=\"elementor-widget-container\">\n\t\t\t\t\t\t\t\t\t<p>La presente p\u00e1gina Web ha sido creada para dar a conocer los servicios y productos ofertados por la entidad\u00a0 URBANIA LA SINIA, S.L (en adelante URBANIA), as\u00ed como para la recepci\u00f3n de posibles clientes y contactos comerciales. As\u00ed mismo, se pueden conocer a trav\u00e9s de esta p\u00e1gina web productos y servicios de otras sociedades directamente relacionadas con URBANIA.<\/p><p>Dicha sociedad est\u00e1 inscrita en el Registro Mercantil de Madrid al Tomo 36.036, Folio 200, Hoja n\u00famero M-647.557, Inscripci\u00f3n 1\u00aa, con NIF B-87839718 y domicilio en Calle Vel\u00e1zquez n\u00famero 10, 2\u00ba Izqda, Madrid, con C\u00f3digo Postal 28001, Espa\u00f1a.<\/p><p>Adem\u00e1s de en la direcci\u00f3n postal indicada en el p\u00e1rrafo previo, puede ponerse en contacto con nosotros a trav\u00e9s del siguiente email: protecciondatos@byurbania.com<\/p><h3>PROPIEDAD INTELECTUAL E INDUSTRIAL<\/h3><p>Los derechos de propiedad intelectual de la p\u00e1gina www.elparcdelasinia.com, su c\u00f3digo fuente, dise\u00f1o, estructuras de navegaci\u00f3n y los distintos elementos en ella contenidos son titularidad de URBANIA, a quien corresponde el ejercicio exclusivo de los derechos de explotaci\u00f3n de los mismos en cualquier forma y, en especial, los derechos de reproducci\u00f3n, distribuci\u00f3n, comunicaci\u00f3n p\u00fablica y transformaci\u00f3n, de acuerdo con la legislaci\u00f3n espa\u00f1ola y de la uni\u00f3n europea aplicable.<\/p><p>El portal de URBANIA, las p\u00e1ginas que comprende y la informaci\u00f3n o elementos contenidos en las mismas, incluyen textos, documentos, fotograf\u00edas, dibujos, representaciones gr\u00e1ficas, programas inform\u00e1ticos, as\u00ed como logotipos, marcas, nombres comerciales, u otros signos distintivos, protegidos por derechos de propiedad intelectual o industrial, de los que URBANIA son titulares o leg\u00edtimas licenciatarias.<\/p><h3>CONTENIDOS<\/h3><p>Se facilita a trav\u00e9s de esta Web informaci\u00f3n acerca de servicios destinados a conocimiento p\u00fablico que en todo caso se sujetar\u00e1n a los t\u00e9rminos y condiciones expresamente detallados en cada momento, los cuales se someter\u00e1n a las distintas disposiciones legales de aplicaci\u00f3n.<\/p><h3>ACCESO Y USO<\/h3><p>Tanto el acceso a esta p\u00e1gina Web, como el uso que pueda hacerse de la informaci\u00f3n y contenidos incluidos en la misma, ser\u00e1 de la exclusiva responsabilidad de quien lo realice. Las condiciones de acceso a este Web estar\u00e1n supeditadas a la legalidad vigente y los principios de la buena fe y uso l\u00edcito por parte del usuario de la misma, quedando prohibido con car\u00e1cter general cualquier tipo de actuaci\u00f3n en perjuicio de URBANIA.<\/p><p>Se considerar\u00e1 terminantemente prohibido el uso de la presente p\u00e1gina Web con fines ilegales o no autorizados.<\/p><p>Queda prohibida cualquier modalidad de explotaci\u00f3n, incluyendo todo tipo de reproducci\u00f3n, distribuci\u00f3n, cesi\u00f3n a terceros, comunicaci\u00f3n p\u00fablica y transformaci\u00f3n, mediante cualquier tipo de soporte y medio, de las obras antes referidas, creaciones y signos distintivos sin autorizaci\u00f3n previa y expresa de sus respectivos titulares. El incumplimiento de esta prohibici\u00f3n podr\u00e1 constituir infracci\u00f3n sancionable por la legislaci\u00f3n vigente.<\/p><p>No obstante, por su cuenta y riesgo, el usuario podr\u00e1 descargar o realizar copia de tales elementos exclusivamente para su uso personal, siempre que no infrinja ninguno de los derechos de propiedad intelectual o industrial de URBANIA, ni los altere total o parcialmente. En ning\u00fan caso, ello significar\u00e1 una autorizaci\u00f3n o licencia sobre los derechos de propiedad de URBANIA.<\/p><p>Queda prohibido, salvo en los casos que expresamente lo autorice URBANIA, presentar las p\u00e1ginas de URBANIA, o la informaci\u00f3n contenida en ellas bajo frames o marcos, signos distintivos, marcas o denominaciones sociales o comerciales de otra persona, empresa o entidad.<\/p><h3>RESPONSABILIDAD<\/h3><p>URBANIA no se hace responsable bajo ning\u00fan concepto por ning\u00fan tipo de da\u00f1o que pudiesen ocasionar los Usuarios a la presente p\u00e1gina Web, o a cualquier otra, por el uso ilegal o indebido de la misma, o de los contenidos e informaciones accesibles o facilitadas a trav\u00e9s de ella.<\/p><h3>SERVICIO<\/h3><p>URBANIA se reserva el derecho de suspender el acceso a su p\u00e1gina Web, sin previo aviso, de forma discrecional y temporal, por razones t\u00e9cnicas o de cualquier otra \u00edndole, pudiendo asimismo modificar unilateralmente tanto las condiciones de acceso, como la totalidad o parte de los contenidos en ella incluidos.<\/p><h3>HIPERENLACES<\/h3><p>Los hiperenlaces contenidos en el sitio Web de URBANIA pueden dirigir a p\u00e1ginas Web de terceros. URBANIA no asume ninguna responsabilidad por el contenido, informaciones o servicios que pudieran aparecer en dichos sitios, que tendr\u00e1n exclusivamente car\u00e1cter informativo y que en ning\u00fan caso implican relaci\u00f3n alguna entre URBANIA y a las personas o entidades titulares de tales contenidos o titulares de los sitios donde se encuentren.<\/p><h3>LEGISLACI\u00d3N APLICABLE Y JURISDICCI\u00d3N<\/h3><p>Las condiciones expuestas se rigen por la legislaci\u00f3n espa\u00f1ola. Para cualquier divergencia surgida del presente Aviso Legal, ambas partes se someten expresamente a los tribunales de la provincia de M\u00e1laga.<\/p>\t\t\t\t\t\t\t\t<\/div>\n\t\t\t\t<\/div>\n\t\t\t\t\t<\/div>\n\t\t<\/div>\n\t\t\t\t\t<\/div>\n\t\t<\/section>\n\t\t\t\t<section class=\"elementor-section elementor-top-section elementor-element elementor-element-397fed6 elementor-section-boxed elementor-section-height-default elementor-section-height-default\" data-id=\"397fed6\" data-element_type=\"section\" data-settings=\"{&quot;background_background&quot;:&quot;classic&quot;}\">\n\t\t\t\t\t\t<div class=\"elementor-container elementor-column-gap-default\">\n\t\t\t\t\t<div class=\"elementor-column elementor-col-100 elementor-top-column elementor-element elementor-element-f2b3672\" data-id=\"f2b3672\" data-element_type=\"column\">\n\t\t\t<div class=\"elementor-widget-wrap elementor-element-populated\">\n\t\t\t\t\t\t<section class=\"elementor-section elementor-inner-section elementor-element elementor-element-59816b2 elementor-section-boxed elementor-section-height-default elementor-section-height-default\" data-id=\"59816b2\" data-element_type=\"section\">\n\t\t\t\t\t\t<div class=\"elementor-container elementor-column-gap-default\">\n\t\t\t\t\t<div class=\"elementor-column elementor-col-100 elementor-inner-column elementor-element elementor-element-e0fbba9\" data-id=\"e0fbba9\" data-element_type=\"column\">\n\t\t\t<div class=\"elementor-widget-wrap elementor-element-populated\">\n\t\t\t\t\t\t<div class=\"elementor-element elementor-element-970b505 elementor-align-center elementor-tablet-align-center elementor-widget elementor-widget-button\" data-id=\"970b505\" data-element_type=\"widget\" data-widget_type=\"button.default\">\n\t\t\t\t<div class=\"elementor-widget-container\">\n\t\t\t\t\t\t\t\t\t<div class=\"elementor-button-wrapper\">\n\t\t\t\t\t<a class=\"elementor-button elementor-button-link elementor-size-sm\" href=\"https:\/\/www.elparcdelasinia.com\/\" target=\"_blank\">\n\t\t\t\t\t\t<span class=\"elementor-button-content-wrapper\">\n\t\t\t\t\t\t\t\t\t<span class=\"elementor-button-text\">VISITAR WEB<\/span>\n\t\t\t\t\t<\/span>\n\t\t\t\t\t<\/a>\n\t\t\t\t<\/div>\n\t\t\t\t\t\t\t\t<\/div>\n\t\t\t\t<\/div>\n\t\t\t\t\t<\/div>\n\t\t<\/div>\n\t\t\t\t\t<\/div>\n\t\t<\/section>\n\t\t\t\t<section class=\"elementor-section elementor-inner-section elementor-element elementor-element-186700d elementor-section-boxed elementor-section-height-default elementor-section-height-default\" data-id=\"186700d\" data-element_type=\"section\">\n\t\t\t\t\t\t<div class=\"elementor-container elementor-column-gap-default\">\n\t\t\t\t\t<div class=\"elementor-column elementor-col-33 elementor-inner-column elementor-element elementor-element-310ab77\" data-id=\"310ab77\" data-element_type=\"column\">\n\t\t\t<div class=\"elementor-widget-wrap elementor-element-populated\">\n\t\t\t\t\t\t<div class=\"elementor-element elementor-element-3f52822 elementor-widget elementor-widget-text-editor\" data-id=\"3f52822\" data-element_type=\"widget\" data-widget_type=\"text-editor.default\">\n\t\t\t\t<div class=\"elementor-widget-container\">\n\t\t\t\t\t\t\t\t\t\u00a9 Copyright 2024. Todos los derechos reservados\t\t\t\t\t\t\t\t<\/div>\n\t\t\t\t<\/div>\n\t\t\t\t\t<\/div>\n\t\t<\/div>\n\t\t\t\t<div class=\"elementor-column elementor-col-33 elementor-inner-column elementor-element elementor-element-c7fdbf9\" data-id=\"c7fdbf9\" data-element_type=\"column\">\n\t\t\t<div class=\"elementor-widget-wrap elementor-element-populated\">\n\t\t\t\t\t\t<div class=\"elementor-element elementor-element-aae8eca elementor-widget__width-initial elementor-widget elementor-widget-image\" data-id=\"aae8eca\" data-element_type=\"widget\" data-widget_type=\"image.default\">\n\t\t\t\t<div class=\"elementor-widget-container\">\n\t\t\t\t\t\t\t\t\t\t\t\t\t\t\t<img fetchpriority=\"high\" decoding=\"async\" width=\"1024\" height=\"309\" src=\"https:\/\/obranuevamartorell.com\/landing2\/wp-content\/uploads\/2025\/03\/URB_DISPLAY-LOGO_N-1024x309.png\" class=\"attachment-large size-large wp-image-6521\" alt=\"\" srcset=\"https:\/\/obranuevamartorell.com\/landing2\/wp-content\/uploads\/2025\/03\/URB_DISPLAY-LOGO_N-1024x309.png 1024w, https:\/\/obranuevamartorell.com\/landing2\/wp-content\/uploads\/2025\/03\/URB_DISPLAY-LOGO_N-300x91.png 300w, https:\/\/obranuevamartorell.com\/landing2\/wp-content\/uploads\/2025\/03\/URB_DISPLAY-LOGO_N-768x232.png 768w, https:\/\/obranuevamartorell.com\/landing2\/wp-content\/uploads\/2025\/03\/URB_DISPLAY-LOGO_N-1536x464.png 1536w, https:\/\/obranuevamartorell.com\/landing2\/wp-content\/uploads\/2025\/03\/URB_DISPLAY-LOGO_N-2048x618.png 2048w\" sizes=\"(max-width: 1024px) 100vw, 1024px\" \/>\t\t\t\t\t\t\t\t\t\t\t\t\t\t\t<\/div>\n\t\t\t\t<\/div>\n\t\t\t\t\t<\/div>\n\t\t<\/div>\n\t\t\t\t<div class=\"elementor-column elementor-col-33 elementor-inner-column elementor-element elementor-element-dbc5fd6\" data-id=\"dbc5fd6\" data-element_type=\"column\">\n\t\t\t<div class=\"elementor-widget-wrap elementor-element-populated\">\n\t\t\t\t\t\t<div class=\"elementor-element elementor-element-f9e2f91 elementor-widget elementor-widget-text-editor\" data-id=\"f9e2f91\" data-element_type=\"widget\" data-widget_type=\"text-editor.default\">\n\t\t\t\t<div class=\"elementor-widget-container\">\n\t\t\t\t\t\t\t\t\t<p><a style=\"color: white;\" href=\"https:\/\/obranuevamartorell.com\/landing2\/politica-de-privacidad\/\">Pol\u00edtica de privacidad<\/a> | <a href=\"https:\/\/obranuevamartorell.com\/landing2\/aviso-legal\/\" target=\"_blank\" rel=\"noopener\">Aviso legal<\/a><\/p>\t\t\t\t\t\t\t\t<\/div>\n\t\t\t\t<\/div>\n\t\t\t\t\t<\/div>\n\t\t<\/div>\n\t\t\t\t\t<\/div>\n\t\t<\/section>\n\t\t\t\t\t<\/div>\n\t\t<\/div>\n\t\t\t\t\t<\/div>\n\t\t<\/section>\n\t\t\t\t<\/div>\n\t\t","protected":false},"excerpt":{"rendered":"<p>Aviso Legal OBJETO La presente p\u00e1gina Web ha sido creada para dar a conocer los servicios y productos ofertados por la entidad\u00a0 URBANIA LA SINIA, S.L (en adelante URBANIA), as\u00ed como para la recepci\u00f3n de posibles clientes y contactos comerciales. As\u00ed mismo, se pueden conocer a trav\u00e9s de esta p\u00e1gina web productos y servicios de [&hellip;]<\/p>\n","protected":false},"author":1,"featured_media":0,"parent":0,"menu_order":0,"comment_status":"closed","ping_status":"closed","template":"elementor_canvas","meta":{"zakra_page_container_layout":"customizer","zakra_page_sidebar_layout":"customizer","zakra_remove_content_margin":false,"zakra_sidebar":"customizer","zakra_transparent_header":"customizer","zakra_logo":0,"zakra_main_header_style":"default","zakra_menu_item_color":"","zakra_menu_item_hover_color":"","zakra_menu_item_active_color":"","zakra_menu_active_style":"","zakra_page_header":true,"footnotes":""},"class_list":["post-1080","page","type-page","status-publish","hentry"],"yoast_head":"<!-- This site is optimized with the Yoast SEO plugin v26.5 - https:\/\/yoast.com\/wordpress\/plugins\/seo\/ -->\n<title>Aviso Legal - El Parc de la Sinia<\/title>\n<meta name=\"robots\" content=\"index, follow, max-snippet:-1, max-image-preview:large, max-video-preview:-1\" \/>\n<link rel=\"canonical\" href=\"https:\/\/obranuevamartorell.com\/landing2\/aviso-legal\/\" \/>\n<meta property=\"og:locale\" content=\"es_ES\" \/>\n<meta property=\"og:type\" content=\"article\" \/>\n<meta property=\"og:title\" content=\"Aviso Legal - El Parc de la Sinia\" \/>\n<meta property=\"og:description\" content=\"Aviso Legal OBJETO La presente p\u00e1gina Web ha sido creada para dar a conocer los servicios y productos ofertados por la entidad\u00a0 URBANIA LA SINIA, S.L (en adelante URBANIA), as\u00ed como para la recepci\u00f3n de posibles clientes y contactos comerciales. As\u00ed mismo, se pueden conocer a trav\u00e9s de esta p\u00e1gina web productos y servicios de [&hellip;]\" \/>\n<meta property=\"og:url\" content=\"https:\/\/obranuevamartorell.com\/landing2\/aviso-legal\/\" \/>\n<meta property=\"og:site_name\" content=\"El Parc de la Sinia\" \/>\n<meta property=\"article:modified_time\" content=\"2025-04-02T12:26:34+00:00\" \/>\n<meta property=\"og:image\" content=\"https:\/\/obranuevamartorell.com\/landing2\/wp-content\/uploads\/2025\/03\/URB_DISPLAY-LOGO_N.png\" \/>\n\t<meta property=\"og:image:width\" content=\"2187\" \/>\n\t<meta property=\"og:image:height\" content=\"660\" \/>\n\t<meta property=\"og:image:type\" content=\"image\/png\" \/>\n<meta name=\"twitter:card\" content=\"summary_large_image\" \/>\n<meta name=\"twitter:label1\" content=\"Tiempo de lectura\" \/>\n\t<meta name=\"twitter:data1\" content=\"4 minutos\" \/>\n<script type=\"application\/ld+json\" class=\"yoast-schema-graph\">{\"@context\":\"https:\/\/schema.org\",\"@graph\":[{\"@type\":\"WebPage\",\"@id\":\"https:\/\/obranuevamartorell.com\/landing2\/aviso-legal\/\",\"url\":\"https:\/\/obranuevamartorell.com\/landing2\/aviso-legal\/\",\"name\":\"Aviso Legal - El Parc de la Sinia\",\"isPartOf\":{\"@id\":\"https:\/\/obranuevamartorell.com\/landing2\/#website\"},\"primaryImageOfPage\":{\"@id\":\"https:\/\/obranuevamartorell.com\/landing2\/aviso-legal\/#primaryimage\"},\"image\":{\"@id\":\"https:\/\/obranuevamartorell.com\/landing2\/aviso-legal\/#primaryimage\"},\"thumbnailUrl\":\"https:\/\/obranuevamartorell.com\/landing2\/wp-content\/uploads\/2025\/03\/URB_DISPLAY-LOGO_N-1024x309.png\",\"datePublished\":\"2024-04-23T11:56:26+00:00\",\"dateModified\":\"2025-04-02T12:26:34+00:00\",\"breadcrumb\":{\"@id\":\"https:\/\/obranuevamartorell.com\/landing2\/aviso-legal\/#breadcrumb\"},\"inLanguage\":\"es\",\"potentialAction\":[{\"@type\":\"ReadAction\",\"target\":[\"https:\/\/obranuevamartorell.com\/landing2\/aviso-legal\/\"]}]},{\"@type\":\"ImageObject\",\"inLanguage\":\"es\",\"@id\":\"https:\/\/obranuevamartorell.com\/landing2\/aviso-legal\/#primaryimage\",\"url\":\"https:\/\/obranuevamartorell.com\/landing2\/wp-content\/uploads\/2025\/03\/URB_DISPLAY-LOGO_N.png\",\"contentUrl\":\"https:\/\/obranuevamartorell.com\/landing2\/wp-content\/uploads\/2025\/03\/URB_DISPLAY-LOGO_N.png\",\"width\":2187,\"height\":660},{\"@type\":\"BreadcrumbList\",\"@id\":\"https:\/\/obranuevamartorell.com\/landing2\/aviso-legal\/#breadcrumb\",\"itemListElement\":[{\"@type\":\"ListItem\",\"position\":1,\"name\":\"Home\",\"item\":\"https:\/\/obranuevamartorell.com\/landing2\/\"},{\"@type\":\"ListItem\",\"position\":2,\"name\":\"Aviso Legal\"}]},{\"@type\":\"WebSite\",\"@id\":\"https:\/\/obranuevamartorell.com\/landing2\/#website\",\"url\":\"https:\/\/obranuevamartorell.com\/landing2\/\",\"name\":\"El Parc de la Sinia\",\"description\":\"Landing2\",\"publisher\":{\"@id\":\"https:\/\/obranuevamartorell.com\/landing2\/#organization\"},\"potentialAction\":[{\"@type\":\"SearchAction\",\"target\":{\"@type\":\"EntryPoint\",\"urlTemplate\":\"https:\/\/obranuevamartorell.com\/landing2\/?s={search_term_string}\"},\"query-input\":{\"@type\":\"PropertyValueSpecification\",\"valueRequired\":true,\"valueName\":\"search_term_string\"}}],\"inLanguage\":\"es\"},{\"@type\":\"Organization\",\"@id\":\"https:\/\/obranuevamartorell.com\/landing2\/#organization\",\"name\":\"El Parc de la Sinia\",\"url\":\"https:\/\/obranuevamartorell.com\/landing2\/\",\"logo\":{\"@type\":\"ImageObject\",\"inLanguage\":\"es\",\"@id\":\"https:\/\/obranuevamartorell.com\/landing2\/#\/schema\/logo\/image\/\",\"url\":\"https:\/\/obranuevamartorell.com\/landing2\/wp-content\/uploads\/2024\/04\/parcdelasinia.svg\",\"contentUrl\":\"https:\/\/obranuevamartorell.com\/landing2\/wp-content\/uploads\/2024\/04\/parcdelasinia.svg\",\"width\":97,\"height\":124,\"caption\":\"El Parc de la Sinia\"},\"image\":{\"@id\":\"https:\/\/obranuevamartorell.com\/landing2\/#\/schema\/logo\/image\/\"}}]}<\/script>\n<!-- \/ Yoast SEO plugin. -->","yoast_head_json":{"title":"Aviso Legal - El Parc de la Sinia","robots":{"index":"index","follow":"follow","max-snippet":"max-snippet:-1","max-image-preview":"max-image-preview:large","max-video-preview":"max-video-preview:-1"},"canonical":"https:\/\/obranuevamartorell.com\/landing2\/aviso-legal\/","og_locale":"es_ES","og_type":"article","og_title":"Aviso Legal - El Parc de la Sinia","og_description":"Aviso Legal OBJETO La presente p\u00e1gina Web ha sido creada para dar a conocer los servicios y productos ofertados por la entidad\u00a0 URBANIA LA SINIA, S.L (en adelante URBANIA), as\u00ed como para la recepci\u00f3n de posibles clientes y contactos comerciales. As\u00ed mismo, se pueden conocer a trav\u00e9s de esta p\u00e1gina web productos y servicios de [&hellip;]","og_url":"https:\/\/obranuevamartorell.com\/landing2\/aviso-legal\/","og_site_name":"El Parc de la Sinia","article_modified_time":"2025-04-02T12:26:34+00:00","og_image":[{"width":2187,"height":660,"url":"https:\/\/obranuevamartorell.com\/landing2\/wp-content\/uploads\/2025\/03\/URB_DISPLAY-LOGO_N.png","type":"image\/png"}],"twitter_card":"summary_large_image","twitter_misc":{"Tiempo de lectura":"4 minutos"},"schema":{"@context":"https:\/\/schema.org","@graph":[{"@type":"WebPage","@id":"https:\/\/obranuevamartorell.com\/landing2\/aviso-legal\/","url":"https:\/\/obranuevamartorell.com\/landing2\/aviso-legal\/","name":"Aviso Legal - El Parc de la Sinia","isPartOf":{"@id":"https:\/\/obranuevamartorell.com\/landing2\/#website"},"primaryImageOfPage":{"@id":"https:\/\/obranuevamartorell.com\/landing2\/aviso-legal\/#primaryimage"},"image":{"@id":"https:\/\/obranuevamartorell.com\/landing2\/aviso-legal\/#primaryimage"},"thumbnailUrl":"https:\/\/obranuevamartorell.com\/landing2\/wp-content\/uploads\/2025\/03\/URB_DISPLAY-LOGO_N-1024x309.png","datePublished":"2024-04-23T11:56:26+00:00","dateModified":"2025-04-02T12:26:34+00:00","breadcrumb":{"@id":"https:\/\/obranuevamartorell.com\/landing2\/aviso-legal\/#breadcrumb"},"inLanguage":"es","potentialAction":[{"@type":"ReadAction","target":["https:\/\/obranuevamartorell.com\/landing2\/aviso-legal\/"]}]},{"@type":"ImageObject","inLanguage":"es","@id":"https:\/\/obranuevamartorell.com\/landing2\/aviso-legal\/#primaryimage","url":"https:\/\/obranuevamartorell.com\/landing2\/wp-content\/uploads\/2025\/03\/URB_DISPLAY-LOGO_N.png","contentUrl":"https:\/\/obranuevamartorell.com\/landing2\/wp-content\/uploads\/2025\/03\/URB_DISPLAY-LOGO_N.png","width":2187,"height":660},{"@type":"BreadcrumbList","@id":"https:\/\/obranuevamartorell.com\/landing2\/aviso-legal\/#breadcrumb","itemListElement":[{"@type":"ListItem","position":1,"name":"Home","item":"https:\/\/obranuevamartorell.com\/landing2\/"},{"@type":"ListItem","position":2,"name":"Aviso Legal"}]},{"@type":"WebSite","@id":"https:\/\/obranuevamartorell.com\/landing2\/#website","url":"https:\/\/obranuevamartorell.com\/landing2\/","name":"El Parc de la Sinia","description":"Landing2","publisher":{"@id":"https:\/\/obranuevamartorell.com\/landing2\/#organization"},"potentialAction":[{"@type":"SearchAction","target":{"@type":"EntryPoint","urlTemplate":"https:\/\/obranuevamartorell.com\/landing2\/?s={search_term_string}"},"query-input":{"@type":"PropertyValueSpecification","valueRequired":true,"valueName":"search_term_string"}}],"inLanguage":"es"},{"@type":"Organization","@id":"https:\/\/obranuevamartorell.com\/landing2\/#organization","name":"El Parc de la Sinia","url":"https:\/\/obranuevamartorell.com\/landing2\/","logo":{"@type":"ImageObject","inLanguage":"es","@id":"https:\/\/obranuevamartorell.com\/landing2\/#\/schema\/logo\/image\/","url":"https:\/\/obranuevamartorell.com\/landing2\/wp-content\/uploads\/2024\/04\/parcdelasinia.svg","contentUrl":"https:\/\/obranuevamartorell.com\/landing2\/wp-content\/uploads\/2024\/04\/parcdelasinia.svg","width":97,"height":124,"caption":"El Parc de la Sinia"},"image":{"@id":"https:\/\/obranuevamartorell.com\/landing2\/#\/schema\/logo\/image\/"}}]}},"_links":{"self":[{"href":"https:\/\/obranuevamartorell.com\/landing2\/wp-json\/wp\/v2\/pages\/1080","targetHints":{"allow":["GET"]}}],"collection":[{"href":"https:\/\/obranuevamartorell.com\/landing2\/wp-json\/wp\/v2\/pages"}],"about":[{"href":"https:\/\/obranuevamartorell.com\/landing2\/wp-json\/wp\/v2\/types\/page"}],"author":[{"embeddable":true,"href":"https:\/\/obranuevamartorell.com\/landing2\/wp-json\/wp\/v2\/users\/1"}],"replies":[{"embeddable":true,"href":"https:\/\/obranuevamartorell.com\/landing2\/wp-json\/wp\/v2\/comments?post=1080"}],"version-history":[{"count":22,"href":"https:\/\/obranuevamartorell.com\/landing2\/wp-json\/wp\/v2\/pages\/1080\/revisions"}],"predecessor-version":[{"id":6576,"href":"https:\/\/obranuevamartorell.com\/landing2\/wp-json\/wp\/v2\/pages\/1080\/revisions\/6576"}],"wp:attachment":[{"href":"https:\/\/obranuevamartorell.com\/landing2\/wp-json\/wp\/v2\/media?parent=1080"}],"curies":[{"name":"wp","href":"https:\/\/api.w.org\/{rel}","templated":true}]}}